{"id":154,"date":"2016-06-23T11:12:53","date_gmt":"2016-06-23T10:12:53","guid":{"rendered":"https:\/\/the7.io\/construction\/?page_id=154"},"modified":"2020-09-24T03:15:51","modified_gmt":"2020-09-24T00:15:51","slug":"hakkimizda","status":"publish","type":"page","link":"https:\/\/www.vektoryolyapi.com\/en\/hakkimizda\/","title":{"rendered":"About Us"},"content":{"rendered":"<p>[vc_row type=&#8221;vc_default&#8221; margin_top=&#8221;5&#8243; margin_bottom=&#8221;15&#8243; css=&#8221;.vc_custom_1600906399099{margin-bottom: 25px !important;}&#8221;][vc_column offset=&#8221;vc_col-lg-12 vc_col-md-12 vc_col-xs-12&#8243;]<div id=\"ultimate-heading-371369e4d984812b9\" class=\"uvc-heading ult-adjust-bottom-margin ultimate-heading-371369e4d984812b9 uvc-3670 accent-border-color\" data-hspacer=\"no_spacer\"  data-halign=\"center\" style=\"text-align:center\"><div class=\"uvc-heading-spacer no_spacer\" style=\"top\"><\/div><div class=\"uvc-main-heading ult-responsive\"  data-ultimate-target='.uvc-heading.ultimate-heading-371369e4d984812b9 h2'  data-responsive-json-new='{\"font-size\":\"desktop:26px;\",\"line-height\":\"desktop:36px;\"}' ><h2 style=\"font-weight:bold;color:#eeee22;\">About Us<\/h2><\/div><\/div><style type=\"text\/css\" data-type=\"the7_shortcodes-inline-css\">.shortcode-single-image-wrap.shortcode-single-image-ea53add4948f15e5dab3e472436c44c8.enable-bg-rollover .rollover i,\n.shortcode-single-image-wrap.shortcode-single-image-ea53add4948f15e5dab3e472436c44c8.enable-bg-rollover .rollover-video i {\n  background: ;\n  background: -webkit-linear-gradient();\n  background: linear-gradient();\n}\n.shortcode-single-image-wrap.shortcode-single-image-ea53add4948f15e5dab3e472436c44c8 .rollover-icon {\n  font-size: 32px;\n  color: #ffffff;\n  min-width: 44px;\n  min-height: 44px;\n  line-height: 44px;\n  border-radius: 100px;\n  border-style: solid;\n  border-width: 0px;\n}\n.dt-icon-bg-on.shortcode-single-image-wrap.shortcode-single-image-ea53add4948f15e5dab3e472436c44c8 .rollover-icon {\n  background: rgba(255,255,255,0.3);\n  box-shadow: none;\n}\n<\/style><div class=\"shortcode-single-image-wrap shortcode-single-image-ea53add4948f15e5dab3e472436c44c8 alignnone  vc_custom_1600906122296 enable-bg-rollover dt-icon-bg-off\" ><div class=\"shortcode-single-image\"><div class=\"fancy-media-wrap  layzr-bg\" style=\"border-radius:12px;\"><img class=\"preload-me lazy-load\" src=\"data:image\/svg+xml,%3Csvg%20xmlns%3D&#39;http%3A%2F%2Fwww.w3.org%2F2000%2Fsvg&#39;%20viewBox%3D&#39;0%200%201200%20260&#39;%2F%3E\" data-src=\"https:\/\/www.vektoryolyapi.com\/wp-content\/uploads\/2020\/09\/Vektor-Yol-Yapi-Taahhut-jpg-scaled-2400x520-1-1200x260.jpg\" data-srcset=\"https:\/\/www.vektoryolyapi.com\/wp-content\/uploads\/2020\/09\/Vektor-Yol-Yapi-Taahhut-jpg-scaled-2400x520-1-1200x260.jpg 1200w, https:\/\/www.vektoryolyapi.com\/wp-content\/uploads\/2020\/09\/Vektor-Yol-Yapi-Taahhut-jpg-scaled-2400x520-1.jpg 2400w\" width=\"1200\" height=\"260\"  data-dt-location=\"https:\/\/www.vektoryolyapi.com\/en\/hakkimizda\/vektor-yol-yapi-taahhut-jpg-scaled-2400x520\/\" style=\"border-radius:12px;\" alt=\"\" \/><\/div><\/div><\/div>[vc_column_text css=&#8221;.vc_custom_1600906473866{margin-bottom: 15px !important;background-color: rgba(2,2,2,0.01) !important;*background-color: rgb(2,2,2) !important;}&#8221;]<\/p>\n<div class=\"wpb_text_column wpb_content_element\">\n<div class=\"wpb_wrapper\">\n<p><span style=\"color: #ffffff;\">VEKT\u00d6R YOL YAPI TAAHH\u00dcT A.\u015e.; With years of experience and experience, expert administrative and technical staff, horizontal and vertical traffic signs, epoxy-polyurethane and acrylic floor coatings, concrete polishing and anti-dust applications, asphalt coating and patterned asphalt applications, interior-exterior paint and coating applications, colored asphalt paint applications, sales of materials in the areas it serves, and project design & consultancy.<\/span><\/p>\n<p><span style=\"color: #ffffff;\">Firmam\u0131z, yurt i\u00e7i ve yurt d\u0131\u015f\u0131nda yapm\u0131\u015f oldu\u011fu bayilik anla\u015fmalar\u0131 ve i\u015f ortakl\u0131klar\u0131 sayesinde, kalite\/fiyat oranlamas\u0131ndan \u00f6d\u00fcn vermeden b\u00fcy\u00fck projeleri k\u0131sa zamanda tamamlayabilmektedir.<\/span><\/p>\n<\/div>\n<\/div>\n<p>[\/vc_column_text][\/vc_column][\/vc_row]<\/p>","protected":false},"excerpt":{"rendered":"<p>[vc_row type=&#8221;vc_default&#8221; margin_top=&#8221;5&#8243; margin_bottom=&#8221;15&#8243; css=&#8221;.vc_custom_1600906399099{margin-bottom: 25px !important;}&#8221;][vc_column offset=&#8221;vc_col-lg-12 vc_col-md-12 vc_col-xs-12&#8243;][vc_column_text css=&#8221;.vc_custom_1600906473866{margin-bottom: 15px !important;background-color: rgba(2,2,2,0.01) !important;*background-color: rgb(2,2,2) !important;}&#8221;] VEKT\u00d6R YOL YAPI TAAHH\u00dcT A.\u015e.;\u00a0 Y\u0131llar\u0131n tecr\u00fcbesi ve birikimi, konusunda uzman deneyimli idari ve teknik kadrosu ile yatay-d\u00fc\u015fey trafik i\u015faretlemeleri, epoksi- poli\u00fcretan ve akrilik zemin kaplamalar, beton silimi-beton parlatma ve tozuma \u00f6nleyici uygulamalar, asfalt kaplama ve desenli asfalt&hellip;<\/p>","protected":false},"author":1,"featured_media":0,"parent":0,"menu_order":1,"comment_status":"closed","ping_status":"closed","template":"","meta":[],"_links":{"self":[{"href":"https:\/\/www.vektoryolyapi.com\/en\/wp-json\/wp\/v2\/pages\/154"}],"collection":[{"href":"https:\/\/www.vektoryolyapi.com\/en\/wp-json\/wp\/v2\/pages"}],"about":[{"href":"https:\/\/www.vektoryolyapi.com\/en\/wp-json\/wp\/v2\/types\/page"}],"author":[{"embeddable":true,"href":"https:\/\/www.vektoryolyapi.com\/en\/wp-json\/wp\/v2\/users\/1"}],"replies":[{"embeddable":true,"href":"https:\/\/www.vektoryolyapi.com\/en\/wp-json\/wp\/v2\/comments?post=154"}],"version-history":[{"count":8,"href":"https:\/\/www.vektoryolyapi.com\/en\/wp-json\/wp\/v2\/pages\/154\/revisions"}],"predecessor-version":[{"id":1270,"href":"https:\/\/www.vektoryolyapi.com\/en\/wp-json\/wp\/v2\/pages\/154\/revisions\/1270"}],"wp:attachment":[{"href":"https:\/\/www.vektoryolyapi.com\/en\/wp-json\/wp\/v2\/media?parent=154"}],"curies":[{"name":"wp","href":"https:\/\/api.w.org\/{rel}","templated":true}]}}